{"id":2192,"date":"2025-06-17T13:59:11","date_gmt":"2025-06-17T13:59:11","guid":{"rendered":"https:\/\/maispolvoreira.pt\/?page_id=2192"},"modified":"2025-07-04T15:03:05","modified_gmt":"2025-07-04T15:03:05","slug":"donativos","status":"publish","type":"page","link":"https:\/\/maispolvoreira.pt\/en\/donativos\/","title":{"rendered":"Donations"},"content":{"rendered":"<div data-elementor-type=\"wp-page\" data-elementor-id=\"2192\" class=\"elementor elementor-2192\">\n\t\t\t\t<div class=\"elementor-element elementor-element-6cc199d e-flex e-con-boxed e-con e-parent\" data-id=\"6cc199d\" data-element_type=\"container\" data-e-type=\"container\" data-settings=\"{&quot;background_background&quot;:&quot;classic&quot;}\">\n\t\t\t\t\t<div class=\"e-con-inner\">\n\t\t<div class=\"elementor-element elementor-element-310d5a3 e-con-full e-flex elementor-invisible e-con e-child\" data-id=\"310d5a3\" data-element_type=\"container\" data-e-type=\"container\" data-settings=\"{&quot;animation&quot;:&quot;fadeInLeft&quot;}\">\n\t\t\t\t<div class=\"elementor-element elementor-element-55bc9c1 elementor-widget elementor-widget-heading\" data-id=\"55bc9c1\" data-element_type=\"widget\" data-e-type=\"widget\" data-widget_type=\"heading.default\">\n\t\t\t\t<div class=\"elementor-widget-container\">\n\t\t\t\t\t<h1 class=\"elementor-heading-title elementor-size-default\">Make a Donation<\/h1>\t\t\t\t<\/div>\n\t\t\t\t<\/div>\n\t\t\t\t<div class=\"elementor-element elementor-element-1b27e4f elementor-widget elementor-widget-text-editor\" data-id=\"1b27e4f\" data-element_type=\"widget\" data-e-type=\"widget\" data-widget_type=\"text-editor.default\">\n\t\t\t\t<div class=\"elementor-widget-container\">\n\t\t\t\t\t\t\t\t\tEvery help is important\t\t\t\t\t\t\t\t<\/div>\n\t\t\t\t<\/div>\n\t\t\t\t<\/div>\n\t\t<div class=\"elementor-element elementor-element-823cab9 e-con-full e-flex elementor-invisible e-con e-child\" data-id=\"823cab9\" data-element_type=\"container\" data-e-type=\"container\" data-settings=\"{&quot;animation&quot;:&quot;fadeInRight&quot;}\">\n\t\t\t\t<div class=\"elementor-element elementor-element-ff5500c elementor-widget elementor-widget-image\" data-id=\"ff5500c\" data-element_type=\"widget\" data-e-type=\"widget\" data-widget_type=\"image.default\">\n\t\t\t\t<div class=\"elementor-widget-container\">\n\t\t\t\t\t\t\t\t\t\t\t\t\t\t\t<img fetchpriority=\"high\" decoding=\"async\" width=\"550\" height=\"555\" src=\"https:\/\/maispolvoreira.pt\/wp-content\/uploads\/2025\/06\/Donativos-e1750169263805.jpg\" class=\"elementor-animation-float attachment-full size-full wp-image-2197\" alt=\"\" srcset=\"https:\/\/maispolvoreira.pt\/wp-content\/uploads\/2025\/06\/Donativos-e1750169263805.jpg 550w, https:\/\/maispolvoreira.pt\/wp-content\/uploads\/2025\/06\/Donativos-e1750169263805-297x300.jpg 297w, https:\/\/maispolvoreira.pt\/wp-content\/uploads\/2025\/06\/Donativos-e1750169263805-150x150.jpg 150w\" sizes=\"(max-width: 550px) 100vw, 550px\" \/>\t\t\t\t\t\t\t\t\t\t\t\t\t\t\t<\/div>\n\t\t\t\t<\/div>\n\t\t\t\t<\/div>\n\t\t\t\t\t<\/div>\n\t\t\t\t<\/div>\n\t\t<div class=\"elementor-element elementor-element-6321f4c e-flex e-con-boxed e-con e-parent\" data-id=\"6321f4c\" data-element_type=\"container\" data-e-type=\"container\">\n\t\t\t\t\t<div class=\"e-con-inner\">\n\t\t<div class=\"elementor-element elementor-element-fae00ec e-con-full e-flex elementor-invisible e-con e-child\" data-id=\"fae00ec\" data-element_type=\"container\" data-e-type=\"container\" data-settings=\"{&quot;animation&quot;:&quot;fadeInLeft&quot;}\">\n\t\t\t\t<div class=\"elementor-element elementor-element-a71cf47 elementor-widget elementor-widget-heading\" data-id=\"a71cf47\" data-element_type=\"widget\" data-e-type=\"widget\" data-widget_type=\"heading.default\">\n\t\t\t\t<div class=\"elementor-widget-container\">\n\t\t\t\t\t<h6 class=\"elementor-heading-title elementor-size-default\">Donations<\/h6>\t\t\t\t<\/div>\n\t\t\t\t<\/div>\n\t\t\t\t<div class=\"elementor-element elementor-element-aa2281e elementor-widget elementor-widget-heading\" data-id=\"aa2281e\" data-element_type=\"widget\" data-e-type=\"widget\" data-widget_type=\"heading.default\">\n\t\t\t\t<div class=\"elementor-widget-container\">\n\t\t\t\t\t<h2 class=\"elementor-heading-title elementor-size-default\">How to collaborate?\n<\/h2>\t\t\t\t<\/div>\n\t\t\t\t<\/div>\n\t\t\t\t<\/div>\n\t\t<div class=\"elementor-element elementor-element-e3c67dd e-con-full e-flex elementor-invisible e-con e-child\" data-id=\"e3c67dd\" data-element_type=\"container\" data-e-type=\"container\" data-settings=\"{&quot;animation&quot;:&quot;fadeInRight&quot;}\">\n\t\t\t\t<div class=\"elementor-element elementor-element-4ad7320 elementor-widget elementor-widget-text-editor\" data-id=\"4ad7320\" data-element_type=\"widget\" data-e-type=\"widget\" data-widget_type=\"text-editor.default\">\n\t\t\t\t<div class=\"elementor-widget-container\">\n\t\t\t\t\t\t\t\t\t<p>To collaborate with us, simply make your donation by bank transfer to our account. Help this cause, join us.<\/p>\t\t\t\t\t\t\t\t<\/div>\n\t\t\t\t<\/div>\n\t\t\t\t<div class=\"elementor-element elementor-element-8ae18f8 elementor-widget elementor-widget-text-editor\" data-id=\"8ae18f8\" data-element_type=\"widget\" data-e-type=\"widget\" data-widget_type=\"text-editor.default\">\n\t\t\t\t<div class=\"elementor-widget-container\">\n\t\t\t\t\t\t\t\t\t<p><b>NOVO BANCO SA<br \/>NIB<br \/><\/b>0007 0000 00242533466 23<br \/><b>IBAN<br \/><\/b>PT50 0007 0000 0024 2533 4662 3<\/p>\t\t\t\t\t\t\t\t<\/div>\n\t\t\t\t<\/div>\n\t\t\t\t<div class=\"elementor-element elementor-element-1e2cc96 elementor-widget elementor-widget-text-editor\" data-id=\"1e2cc96\" data-element_type=\"widget\" data-e-type=\"widget\" data-widget_type=\"text-editor.default\">\n\t\t\t\t<div class=\"elementor-widget-container translation-block\">Do you have any questions? Send an email to <strong>geral@maispolvoreira.pt<\/strong>.<\/div>\n\t\t\t\t<\/div>\n\t\t\t\t<\/div>\n\t\t\t\t\t<\/div>\n\t\t\t\t<\/div>\n\t\t\t\t<\/div>","protected":false},"excerpt":{"rendered":"<p>Fa\u00e7a um Donativo Toda a ajuda \u00e9 importante Donativos Como colaborar? Para colaborar connosco basta realizar o seu donativo, atrav\u00e9s de transfer\u00eancia banc\u00e1ria para a nossa conta. Ajude esta causa, junte-se a n\u00f3s. NOVO BANCO SANIB0007 0000 00242533466 23IBANPT50 0007 0000 0024 2533 4662 3 Tem alguma d\u00favida? Envie e-mail para geral@maispolvoreira.pt.<\/p>","protected":false},"author":1,"featured_media":2197,"parent":0,"menu_order":0,"comment_status":"closed","ping_status":"closed","template":"","meta":{"site-sidebar-layout":"no-sidebar","site-content-layout":"page-builder","ast-site-content-layout":"full-width-container","site-content-style":"unboxed","site-sidebar-style":"unboxed","ast-global-header-display":"","ast-banner-title-visibility":"","ast-main-header-display":"","ast-hfb-above-header-display":"","ast-hfb-below-header-display":"","ast-hfb-mobile-header-display":"","site-post-title":"disabled","ast-breadcrumbs-content":"","ast-featured-img":"disabled","footer-sml-layout":"","ast-disable-related-posts":"","theme-transparent-header-meta":"enabled","adv-header-id-meta":"","stick-header-meta":"","header-above-stick-meta":"","header-main-stick-meta":"","header-below-stick-meta":"","astra-migrate-meta-layouts":"set","ast-page-background-enabled":"default","ast-page-background-meta":{"desktop":{"background-color":"","background-image":"","background-repeat":"repeat","background-position":"center center","background-size":"auto","background-attachment":"scroll","background-type":"","background-media":"","overlay-type":"","overlay-color":"","overlay-opacity":"","overlay-gradient":""},"tablet":{"background-color":"","background-image":"","background-repeat":"repeat","background-position":"center center","background-size":"auto","background-attachment":"scroll","background-type":"","background-media":"","overlay-type":"","overlay-color":"","overlay-opacity":"","overlay-gradient":""},"mobile":{"background-color":"","background-image":"","background-repeat":"repeat","background-position":"center center","background-size":"auto","background-attachment":"scroll","background-type":"","background-media":"","overlay-type":"","overlay-color":"","overlay-opacity":"","overlay-gradient":""}},"ast-content-background-meta":{"desktop":{"background-color":"var(--ast-global-color-5)","background-image":"","background-repeat":"repeat","background-position":"center center","background-size":"auto","background-attachment":"scroll","background-type":"","background-media":"","overlay-type":"","overlay-color":"","overlay-opacity":"","overlay-gradient":""},"tablet":{"background-color":"var(--ast-global-color-5)","background-image":"","background-repeat":"repeat","background-position":"center center","background-size":"auto","background-attachment":"scroll","background-type":"","background-media":"","overlay-type":"","overlay-color":"","overlay-opacity":"","overlay-gradient":""},"mobile":{"background-color":"var(--ast-global-color-5)","background-image":"","background-repeat":"repeat","background-position":"center center","background-size":"auto","background-attachment":"scroll","background-type":"","background-media":"","overlay-type":"","overlay-color":"","overlay-opacity":"","overlay-gradient":""}},"footnotes":""},"class_list":["post-2192","page","type-page","status-publish","has-post-thumbnail","hentry"],"yoast_head":"<!-- This site is optimized with the Yoast SEO plugin v27.3 - https:\/\/yoast.com\/product\/yoast-seo-wordpress\/ -->\n<title>Apoia a Mais Polvoreira \u2013 Faz o teu donativo<\/title>\n<meta name=\"description\" content=\"Acreditas numa Polvoreira mais solid\u00e1ria? Faz o teu donativo e apoia causas locais com impacto real. Cada contributo conta.\" \/>\n<meta name=\"robots\" content=\"index, follow, max-snippet:-1, max-image-preview:large, max-video-preview:-1\" \/>\n<link rel=\"canonical\" href=\"https:\/\/maispolvoreira.pt\/en\/donativos\/\" \/>\n<meta property=\"og:locale\" content=\"en_GB\" \/>\n<meta property=\"og:type\" content=\"article\" \/>\n<meta property=\"og:title\" content=\"Apoia a Mais Polvoreira \u2013 Faz o teu donativo\" \/>\n<meta property=\"og:description\" content=\"Acreditas numa Polvoreira mais solid\u00e1ria? Faz o teu donativo e apoia causas locais com impacto real. Cada contributo conta.\" \/>\n<meta property=\"og:url\" content=\"https:\/\/maispolvoreira.pt\/en\/donativos\/\" \/>\n<meta property=\"og:site_name\" content=\"Mais Polvoreira\" \/>\n<meta property=\"article:modified_time\" content=\"2025-07-04T15:03:05+00:00\" \/>\n<meta property=\"og:image\" content=\"https:\/\/maispolvoreira.pt\/wp-content\/uploads\/2025\/06\/Donativos-e1750169263805.jpg\" \/>\n\t<meta property=\"og:image:width\" content=\"550\" \/>\n\t<meta property=\"og:image:height\" content=\"555\" \/>\n\t<meta property=\"og:image:type\" content=\"image\/jpeg\" \/>\n<meta name=\"twitter:card\" content=\"summary_large_image\" \/>\n<meta name=\"twitter:label1\" content=\"Estimated reading time\" \/>\n\t<meta name=\"twitter:data1\" content=\"1 minute\" \/>\n<script type=\"application\/ld+json\" class=\"yoast-schema-graph\">{\"@context\":\"https:\\\/\\\/schema.org\",\"@graph\":[{\"@type\":\"WebPage\",\"@id\":\"https:\\\/\\\/maispolvoreira.pt\\\/donativos\\\/\",\"url\":\"https:\\\/\\\/maispolvoreira.pt\\\/donativos\\\/\",\"name\":\"Apoia a Mais Polvoreira \u2013 Faz o teu donativo\",\"isPartOf\":{\"@id\":\"https:\\\/\\\/maispolvoreira.pt\\\/#website\"},\"primaryImageOfPage\":{\"@id\":\"https:\\\/\\\/maispolvoreira.pt\\\/donativos\\\/#primaryimage\"},\"image\":{\"@id\":\"https:\\\/\\\/maispolvoreira.pt\\\/donativos\\\/#primaryimage\"},\"thumbnailUrl\":\"https:\\\/\\\/maispolvoreira.pt\\\/wp-content\\\/uploads\\\/2025\\\/06\\\/Donativos-e1750169263805.jpg\",\"datePublished\":\"2025-06-17T13:59:11+00:00\",\"dateModified\":\"2025-07-04T15:03:05+00:00\",\"description\":\"Acreditas numa Polvoreira mais solid\u00e1ria? Faz o teu donativo e apoia causas locais com impacto real. Cada contributo conta.\",\"breadcrumb\":{\"@id\":\"https:\\\/\\\/maispolvoreira.pt\\\/donativos\\\/#breadcrumb\"},\"inLanguage\":\"en-GB\",\"potentialAction\":[{\"@type\":\"ReadAction\",\"target\":[\"https:\\\/\\\/maispolvoreira.pt\\\/donativos\\\/\"]}]},{\"@type\":\"ImageObject\",\"inLanguage\":\"en-GB\",\"@id\":\"https:\\\/\\\/maispolvoreira.pt\\\/donativos\\\/#primaryimage\",\"url\":\"https:\\\/\\\/maispolvoreira.pt\\\/wp-content\\\/uploads\\\/2025\\\/06\\\/Donativos-e1750169263805.jpg\",\"contentUrl\":\"https:\\\/\\\/maispolvoreira.pt\\\/wp-content\\\/uploads\\\/2025\\\/06\\\/Donativos-e1750169263805.jpg\",\"width\":550,\"height\":555},{\"@type\":\"BreadcrumbList\",\"@id\":\"https:\\\/\\\/maispolvoreira.pt\\\/donativos\\\/#breadcrumb\",\"itemListElement\":[{\"@type\":\"ListItem\",\"position\":1,\"name\":\"In\u00edcio\",\"item\":\"https:\\\/\\\/maispolvoreira.pt\\\/\"},{\"@type\":\"ListItem\",\"position\":2,\"name\":\"Donativos\"}]},{\"@type\":\"WebSite\",\"@id\":\"https:\\\/\\\/maispolvoreira.pt\\\/#website\",\"url\":\"https:\\\/\\\/maispolvoreira.pt\\\/\",\"name\":\"Mais Polvoreira\",\"description\":\"Solidariedade, Educa\u00e7\u00e3o e Empreendedorismo Social\",\"publisher\":{\"@id\":\"https:\\\/\\\/maispolvoreira.pt\\\/#organization\"},\"potentialAction\":[{\"@type\":\"SearchAction\",\"target\":{\"@type\":\"EntryPoint\",\"urlTemplate\":\"https:\\\/\\\/maispolvoreira.pt\\\/?s={search_term_string}\"},\"query-input\":{\"@type\":\"PropertyValueSpecification\",\"valueRequired\":true,\"valueName\":\"search_term_string\"}}],\"inLanguage\":\"en-GB\"},{\"@type\":\"Organization\",\"@id\":\"https:\\\/\\\/maispolvoreira.pt\\\/#organization\",\"name\":\"Mais Polvoreira\",\"url\":\"https:\\\/\\\/maispolvoreira.pt\\\/\",\"logo\":{\"@type\":\"ImageObject\",\"inLanguage\":\"en-GB\",\"@id\":\"https:\\\/\\\/maispolvoreira.pt\\\/#\\\/schema\\\/logo\\\/image\\\/\",\"url\":\"https:\\\/\\\/maispolvoreira.pt\\\/wp-content\\\/uploads\\\/2025\\\/07\\\/cropped-Logos-Mais-Polvoreira_624x129.png\",\"contentUrl\":\"https:\\\/\\\/maispolvoreira.pt\\\/wp-content\\\/uploads\\\/2025\\\/07\\\/cropped-Logos-Mais-Polvoreira_624x129.png\",\"width\":624,\"height\":129,\"caption\":\"Mais Polvoreira\"},\"image\":{\"@id\":\"https:\\\/\\\/maispolvoreira.pt\\\/#\\\/schema\\\/logo\\\/image\\\/\"}}]}<\/script>\n<!-- \/ Yoast SEO plugin. -->","yoast_head_json":{"title":"Apoia a Mais Polvoreira \u2013 Faz o teu donativo","description":"Acreditas numa Polvoreira mais solid\u00e1ria? Faz o teu donativo e apoia causas locais com impacto real. Cada contributo conta.","robots":{"index":"index","follow":"follow","max-snippet":"max-snippet:-1","max-image-preview":"max-image-preview:large","max-video-preview":"max-video-preview:-1"},"canonical":"https:\/\/maispolvoreira.pt\/en\/donativos\/","og_locale":"en_GB","og_type":"article","og_title":"Apoia a Mais Polvoreira \u2013 Faz o teu donativo","og_description":"Acreditas numa Polvoreira mais solid\u00e1ria? Faz o teu donativo e apoia causas locais com impacto real. Cada contributo conta.","og_url":"https:\/\/maispolvoreira.pt\/en\/donativos\/","og_site_name":"Mais Polvoreira","article_modified_time":"2025-07-04T15:03:05+00:00","og_image":[{"width":550,"height":555,"url":"https:\/\/maispolvoreira.pt\/wp-content\/uploads\/2025\/06\/Donativos-e1750169263805.jpg","type":"image\/jpeg"}],"twitter_card":"summary_large_image","twitter_misc":{"Estimated reading time":"1 minute"},"schema":{"@context":"https:\/\/schema.org","@graph":[{"@type":"WebPage","@id":"https:\/\/maispolvoreira.pt\/donativos\/","url":"https:\/\/maispolvoreira.pt\/donativos\/","name":"Apoia a Mais Polvoreira \u2013 Faz o teu donativo","isPartOf":{"@id":"https:\/\/maispolvoreira.pt\/#website"},"primaryImageOfPage":{"@id":"https:\/\/maispolvoreira.pt\/donativos\/#primaryimage"},"image":{"@id":"https:\/\/maispolvoreira.pt\/donativos\/#primaryimage"},"thumbnailUrl":"https:\/\/maispolvoreira.pt\/wp-content\/uploads\/2025\/06\/Donativos-e1750169263805.jpg","datePublished":"2025-06-17T13:59:11+00:00","dateModified":"2025-07-04T15:03:05+00:00","description":"Acreditas numa Polvoreira mais solid\u00e1ria? Faz o teu donativo e apoia causas locais com impacto real. Cada contributo conta.","breadcrumb":{"@id":"https:\/\/maispolvoreira.pt\/donativos\/#breadcrumb"},"inLanguage":"en-GB","potentialAction":[{"@type":"ReadAction","target":["https:\/\/maispolvoreira.pt\/donativos\/"]}]},{"@type":"ImageObject","inLanguage":"en-GB","@id":"https:\/\/maispolvoreira.pt\/donativos\/#primaryimage","url":"https:\/\/maispolvoreira.pt\/wp-content\/uploads\/2025\/06\/Donativos-e1750169263805.jpg","contentUrl":"https:\/\/maispolvoreira.pt\/wp-content\/uploads\/2025\/06\/Donativos-e1750169263805.jpg","width":550,"height":555},{"@type":"BreadcrumbList","@id":"https:\/\/maispolvoreira.pt\/donativos\/#breadcrumb","itemListElement":[{"@type":"ListItem","position":1,"name":"In\u00edcio","item":"https:\/\/maispolvoreira.pt\/"},{"@type":"ListItem","position":2,"name":"Donativos"}]},{"@type":"WebSite","@id":"https:\/\/maispolvoreira.pt\/#website","url":"https:\/\/maispolvoreira.pt\/","name":"Mais Polvoreira","description":"Solidariedade, Educa\u00e7\u00e3o e Empreendedorismo Social","publisher":{"@id":"https:\/\/maispolvoreira.pt\/#organization"},"potentialAction":[{"@type":"SearchAction","target":{"@type":"EntryPoint","urlTemplate":"https:\/\/maispolvoreira.pt\/?s={search_term_string}"},"query-input":{"@type":"PropertyValueSpecification","valueRequired":true,"valueName":"search_term_string"}}],"inLanguage":"en-GB"},{"@type":"Organization","@id":"https:\/\/maispolvoreira.pt\/#organization","name":"Mais Polvoreira","url":"https:\/\/maispolvoreira.pt\/","logo":{"@type":"ImageObject","inLanguage":"en-GB","@id":"https:\/\/maispolvoreira.pt\/#\/schema\/logo\/image\/","url":"https:\/\/maispolvoreira.pt\/wp-content\/uploads\/2025\/07\/cropped-Logos-Mais-Polvoreira_624x129.png","contentUrl":"https:\/\/maispolvoreira.pt\/wp-content\/uploads\/2025\/07\/cropped-Logos-Mais-Polvoreira_624x129.png","width":624,"height":129,"caption":"Mais Polvoreira"},"image":{"@id":"https:\/\/maispolvoreira.pt\/#\/schema\/logo\/image\/"}}]}},"_links":{"self":[{"href":"https:\/\/maispolvoreira.pt\/en\/wp-json\/wp\/v2\/pages\/2192","targetHints":{"allow":["GET"]}}],"collection":[{"href":"https:\/\/maispolvoreira.pt\/en\/wp-json\/wp\/v2\/pages"}],"about":[{"href":"https:\/\/maispolvoreira.pt\/en\/wp-json\/wp\/v2\/types\/page"}],"author":[{"embeddable":true,"href":"https:\/\/maispolvoreira.pt\/en\/wp-json\/wp\/v2\/users\/1"}],"replies":[{"embeddable":true,"href":"https:\/\/maispolvoreira.pt\/en\/wp-json\/wp\/v2\/comments?post=2192"}],"version-history":[{"count":13,"href":"https:\/\/maispolvoreira.pt\/en\/wp-json\/wp\/v2\/pages\/2192\/revisions"}],"predecessor-version":[{"id":2337,"href":"https:\/\/maispolvoreira.pt\/en\/wp-json\/wp\/v2\/pages\/2192\/revisions\/2337"}],"wp:featuredmedia":[{"embeddable":true,"href":"https:\/\/maispolvoreira.pt\/en\/wp-json\/wp\/v2\/media\/2197"}],"wp:attachment":[{"href":"https:\/\/maispolvoreira.pt\/en\/wp-json\/wp\/v2\/media?parent=2192"}],"curies":[{"name":"wp","href":"https:\/\/api.w.org\/{rel}","templated":true}]}}