{"id":1974,"date":"2025-06-13T15:48:40","date_gmt":"2025-06-13T15:48:40","guid":{"rendered":"https:\/\/maispolvoreira.pt\/?page_id=1974"},"modified":"2025-07-04T15:01:14","modified_gmt":"2025-07-04T15:01:14","slug":"voluntariado","status":"publish","type":"page","link":"https:\/\/maispolvoreira.pt\/en\/voluntariado\/","title":{"rendered":"Volunteering"},"content":{"rendered":"<div data-elementor-type=\"wp-page\" data-elementor-id=\"1974\" class=\"elementor elementor-1974\">\n\t\t\t\t<div class=\"elementor-element elementor-element-6cc199d e-flex e-con-boxed e-con e-parent\" data-id=\"6cc199d\" data-element_type=\"container\" data-e-type=\"container\" data-settings=\"{&quot;background_background&quot;:&quot;classic&quot;}\">\n\t\t\t\t\t<div class=\"e-con-inner\">\n\t\t<div class=\"elementor-element elementor-element-310d5a3 e-con-full e-flex elementor-invisible e-con e-child\" data-id=\"310d5a3\" data-element_type=\"container\" data-e-type=\"container\" data-settings=\"{&quot;animation&quot;:&quot;fadeInLeft&quot;}\">\n\t\t\t\t<div class=\"elementor-element elementor-element-55bc9c1 elementor-widget elementor-widget-heading\" data-id=\"55bc9c1\" data-element_type=\"widget\" data-e-type=\"widget\" data-widget_type=\"heading.default\">\n\t\t\t\t<div class=\"elementor-widget-container\">\n\t\t\t\t\t<h1 class=\"elementor-heading-title elementor-size-default\">Volunteering<\/h1>\t\t\t\t<\/div>\n\t\t\t\t<\/div>\n\t\t\t\t<div class=\"elementor-element elementor-element-1b27e4f elementor-widget elementor-widget-text-editor\" data-id=\"1b27e4f\" data-element_type=\"widget\" data-e-type=\"widget\" data-widget_type=\"text-editor.default\">\n\t\t\t\t<div class=\"elementor-widget-container\">\n\t\t\t\t\t\t\t\t\tJoin this cause!\t\t\t\t\t\t\t\t<\/div>\n\t\t\t\t<\/div>\n\t\t\t\t<\/div>\n\t\t<div class=\"elementor-element elementor-element-823cab9 e-con-full e-flex elementor-invisible e-con e-child\" data-id=\"823cab9\" data-element_type=\"container\" data-e-type=\"container\" data-settings=\"{&quot;animation&quot;:&quot;fadeInRight&quot;}\">\n\t\t\t\t<div class=\"elementor-element elementor-element-ff5500c elementor-widget elementor-widget-image\" data-id=\"ff5500c\" data-element_type=\"widget\" data-e-type=\"widget\" data-widget_type=\"image.default\">\n\t\t\t\t<div class=\"elementor-widget-container\">\n\t\t\t\t\t\t\t\t\t\t\t\t\t\t\t<img fetchpriority=\"high\" decoding=\"async\" width=\"550\" height=\"554\" src=\"https:\/\/maispolvoreira.pt\/wp-content\/uploads\/2025\/06\/Voluntariado-e1749830277548.jpg\" class=\"elementor-animation-float attachment-full size-full wp-image-1980\" alt=\"\" srcset=\"https:\/\/maispolvoreira.pt\/wp-content\/uploads\/2025\/06\/Voluntariado-e1749830277548.jpg 550w, https:\/\/maispolvoreira.pt\/wp-content\/uploads\/2025\/06\/Voluntariado-e1749830277548-298x300.jpg 298w, https:\/\/maispolvoreira.pt\/wp-content\/uploads\/2025\/06\/Voluntariado-e1749830277548-150x150.jpg 150w\" sizes=\"(max-width: 550px) 100vw, 550px\" \/>\t\t\t\t\t\t\t\t\t\t\t\t\t\t\t<\/div>\n\t\t\t\t<\/div>\n\t\t\t\t<\/div>\n\t\t\t\t\t<\/div>\n\t\t\t\t<\/div>\n\t\t<div class=\"elementor-element elementor-element-6321f4c e-flex e-con-boxed e-con e-parent\" data-id=\"6321f4c\" data-element_type=\"container\" data-e-type=\"container\">\n\t\t\t\t\t<div class=\"e-con-inner\">\n\t\t<div class=\"elementor-element elementor-element-fae00ec e-con-full e-flex elementor-invisible e-con e-child\" data-id=\"fae00ec\" data-element_type=\"container\" data-e-type=\"container\" data-settings=\"{&quot;animation&quot;:&quot;fadeInLeft&quot;}\">\n\t\t\t\t<div class=\"elementor-element elementor-element-a71cf47 elementor-widget elementor-widget-heading\" data-id=\"a71cf47\" data-element_type=\"widget\" data-e-type=\"widget\" data-widget_type=\"heading.default\">\n\t\t\t\t<div class=\"elementor-widget-container\">\n\t\t\t\t\t<h6 class=\"elementor-heading-title elementor-size-default\">Volunteering<\/h6>\t\t\t\t<\/div>\n\t\t\t\t<\/div>\n\t\t\t\t<div class=\"elementor-element elementor-element-aa2281e elementor-widget elementor-widget-heading\" data-id=\"aa2281e\" data-element_type=\"widget\" data-e-type=\"widget\" data-widget_type=\"heading.default\">\n\t\t\t\t<div class=\"elementor-widget-container\">\n\t\t\t\t\t<h2 class=\"elementor-heading-title elementor-size-default\">Do you want to be a volunteer at Mais Polvoreira?<\/h2>\t\t\t\t<\/div>\n\t\t\t\t<\/div>\n\t\t\t\t<\/div>\n\t\t<div class=\"elementor-element elementor-element-e3c67dd e-con-full e-flex elementor-invisible e-con e-child\" data-id=\"e3c67dd\" data-element_type=\"container\" data-e-type=\"container\" data-settings=\"{&quot;animation&quot;:&quot;fadeInRight&quot;}\">\n\t\t\t\t<div class=\"elementor-element elementor-element-4ad7320 elementor-widget elementor-widget-text-editor\" data-id=\"4ad7320\" data-element_type=\"widget\" data-e-type=\"widget\" data-widget_type=\"text-editor.default\">\n\t\t\t\t<div class=\"elementor-widget-container\">\n\t\t\t\t\t\t\t\t\t<p>Do you want to help? Mais Polvoreira is expanding, and every day, new projects are conceived and others are started. We are constantly developing. Your help may be useful to us. Join us, and if necessary, we will contact you.<\/p>\t\t\t\t\t\t\t\t<\/div>\n\t\t\t\t<\/div>\n\t\t\t\t<div class=\"elementor-element elementor-element-1e2cc96 elementor-widget elementor-widget-text-editor\" data-id=\"1e2cc96\" data-element_type=\"widget\" data-e-type=\"widget\" data-widget_type=\"text-editor.default\">\n\t\t\t\t<div class=\"elementor-widget-container translation-block\">Send us an email to <strong>geral@maispolvoreira.pt<\/strong> \u2014 we are always looking for volunteers.<\/div>\n\t\t\t\t<\/div>\n\t\t\t\t<\/div>\n\t\t\t\t\t<\/div>\n\t\t\t\t<\/div>\n\t\t\t\t<\/div>","protected":false},"excerpt":{"rendered":"<p>Voluntariado Junte-se a esta causa! Voluntariado Quer ser volunt\u00e1rio da Mais Polvoreira? Tem vontade de ajudar? A Mais Polvoreira est\u00e1 em fase de expans\u00e3o, e de dia para dia, novos projectos s\u00e3o idealizados e outros se iniciam. Estamos em constante desenvolvimento. A sua ajuda poder\u00e1 vir-nos a ser \u00fatil. Junte-se a n\u00f3s, e caso haja [&hellip;]<\/p>\n","protected":false},"author":1,"featured_media":1980,"parent":0,"menu_order":0,"comment_status":"closed","ping_status":"closed","template":"","meta":{"site-sidebar-layout":"no-sidebar","site-content-layout":"page-builder","ast-site-content-layout":"full-width-container","site-content-style":"unboxed","site-sidebar-style":"unboxed","ast-global-header-display":"","ast-banner-title-visibility":"","ast-main-header-display":"","ast-hfb-above-header-display":"","ast-hfb-below-header-display":"","ast-hfb-mobile-header-display":"","site-post-title":"disabled","ast-breadcrumbs-content":"","ast-featured-img":"disabled","footer-sml-layout":"","ast-disable-related-posts":"","theme-transparent-header-meta":"enabled","adv-header-id-meta":"","stick-header-meta":"","header-above-stick-meta":"","header-main-stick-meta":"","header-below-stick-meta":"","astra-migrate-meta-layouts":"set","ast-page-background-enabled":"default","ast-page-background-meta":{"desktop":{"background-color":"","background-image":"","background-repeat":"repeat","background-position":"center center","background-size":"auto","background-attachment":"scroll","background-type":"","background-media":"","overlay-type":"","overlay-color":"","overlay-opacity":"","overlay-gradient":""},"tablet":{"background-color":"","background-image":"","background-repeat":"repeat","background-position":"center center","background-size":"auto","background-attachment":"scroll","background-type":"","background-media":"","overlay-type":"","overlay-color":"","overlay-opacity":"","overlay-gradient":""},"mobile":{"background-color":"","background-image":"","background-repeat":"repeat","background-position":"center center","background-size":"auto","background-attachment":"scroll","background-type":"","background-media":"","overlay-type":"","overlay-color":"","overlay-opacity":"","overlay-gradient":""}},"ast-content-background-meta":{"desktop":{"background-color":"var(--ast-global-color-5)","background-image":"","background-repeat":"repeat","background-position":"center center","background-size":"auto","background-attachment":"scroll","background-type":"","background-media":"","overlay-type":"","overlay-color":"","overlay-opacity":"","overlay-gradient":""},"tablet":{"background-color":"var(--ast-global-color-5)","background-image":"","background-repeat":"repeat","background-position":"center center","background-size":"auto","background-attachment":"scroll","background-type":"","background-media":"","overlay-type":"","overlay-color":"","overlay-opacity":"","overlay-gradient":""},"mobile":{"background-color":"var(--ast-global-color-5)","background-image":"","background-repeat":"repeat","background-position":"center center","background-size":"auto","background-attachment":"scroll","background-type":"","background-media":"","overlay-type":"","overlay-color":"","overlay-opacity":"","overlay-gradient":""}},"footnotes":""},"class_list":["post-1974","page","type-page","status-publish","has-post-thumbnail","hentry"],"yoast_head":"<!-- This site is optimized with the Yoast SEO plugin v27.3 - https:\/\/yoast.com\/product\/yoast-seo-wordpress\/ -->\n<title>Junta-te \u00e0 Mais Polvoreira - Voluntariado<\/title>\n<meta name=\"description\" content=\"Queres ajudar a tua comunidade? Descobre como fazer voluntariado com a Mais Polvoreira e contribui para uma freguesia mais solid\u00e1ria.\" \/>\n<meta name=\"robots\" content=\"index, follow, max-snippet:-1, max-image-preview:large, max-video-preview:-1\" \/>\n<link rel=\"canonical\" href=\"https:\/\/maispolvoreira.pt\/en\/voluntariado\/\" \/>\n<meta property=\"og:locale\" content=\"en_GB\" \/>\n<meta property=\"og:type\" content=\"article\" \/>\n<meta property=\"og:title\" content=\"Junta-te \u00e0 Mais Polvoreira - Voluntariado\" \/>\n<meta property=\"og:description\" content=\"Queres ajudar a tua comunidade? Descobre como fazer voluntariado com a Mais Polvoreira e contribui para uma freguesia mais solid\u00e1ria.\" \/>\n<meta property=\"og:url\" content=\"https:\/\/maispolvoreira.pt\/en\/voluntariado\/\" \/>\n<meta property=\"og:site_name\" content=\"Mais Polvoreira\" \/>\n<meta property=\"article:modified_time\" content=\"2025-07-04T15:01:14+00:00\" \/>\n<meta property=\"og:image\" content=\"https:\/\/maispolvoreira.pt\/wp-content\/uploads\/2025\/06\/Voluntariado-e1749830277548.jpg\" \/>\n\t<meta property=\"og:image:width\" content=\"550\" \/>\n\t<meta property=\"og:image:height\" content=\"554\" \/>\n\t<meta property=\"og:image:type\" content=\"image\/jpeg\" \/>\n<meta name=\"twitter:card\" content=\"summary_large_image\" \/>\n<meta name=\"twitter:label1\" content=\"Estimated reading time\" \/>\n\t<meta name=\"twitter:data1\" content=\"1 minute\" \/>\n<script type=\"application\/ld+json\" class=\"yoast-schema-graph\">{\"@context\":\"https:\\\/\\\/schema.org\",\"@graph\":[{\"@type\":\"WebPage\",\"@id\":\"https:\\\/\\\/maispolvoreira.pt\\\/voluntariado\\\/\",\"url\":\"https:\\\/\\\/maispolvoreira.pt\\\/voluntariado\\\/\",\"name\":\"Junta-te \u00e0 Mais Polvoreira - Voluntariado\",\"isPartOf\":{\"@id\":\"https:\\\/\\\/maispolvoreira.pt\\\/#website\"},\"primaryImageOfPage\":{\"@id\":\"https:\\\/\\\/maispolvoreira.pt\\\/voluntariado\\\/#primaryimage\"},\"image\":{\"@id\":\"https:\\\/\\\/maispolvoreira.pt\\\/voluntariado\\\/#primaryimage\"},\"thumbnailUrl\":\"https:\\\/\\\/maispolvoreira.pt\\\/wp-content\\\/uploads\\\/2025\\\/06\\\/Voluntariado-e1749830277548.jpg\",\"datePublished\":\"2025-06-13T15:48:40+00:00\",\"dateModified\":\"2025-07-04T15:01:14+00:00\",\"description\":\"Queres ajudar a tua comunidade? Descobre como fazer voluntariado com a Mais Polvoreira e contribui para uma freguesia mais solid\u00e1ria.\",\"breadcrumb\":{\"@id\":\"https:\\\/\\\/maispolvoreira.pt\\\/voluntariado\\\/#breadcrumb\"},\"inLanguage\":\"en-GB\",\"potentialAction\":[{\"@type\":\"ReadAction\",\"target\":[\"https:\\\/\\\/maispolvoreira.pt\\\/voluntariado\\\/\"]}]},{\"@type\":\"ImageObject\",\"inLanguage\":\"en-GB\",\"@id\":\"https:\\\/\\\/maispolvoreira.pt\\\/voluntariado\\\/#primaryimage\",\"url\":\"https:\\\/\\\/maispolvoreira.pt\\\/wp-content\\\/uploads\\\/2025\\\/06\\\/Voluntariado-e1749830277548.jpg\",\"contentUrl\":\"https:\\\/\\\/maispolvoreira.pt\\\/wp-content\\\/uploads\\\/2025\\\/06\\\/Voluntariado-e1749830277548.jpg\",\"width\":550,\"height\":554},{\"@type\":\"BreadcrumbList\",\"@id\":\"https:\\\/\\\/maispolvoreira.pt\\\/voluntariado\\\/#breadcrumb\",\"itemListElement\":[{\"@type\":\"ListItem\",\"position\":1,\"name\":\"In\u00edcio\",\"item\":\"https:\\\/\\\/maispolvoreira.pt\\\/\"},{\"@type\":\"ListItem\",\"position\":2,\"name\":\"Voluntariado\"}]},{\"@type\":\"WebSite\",\"@id\":\"https:\\\/\\\/maispolvoreira.pt\\\/#website\",\"url\":\"https:\\\/\\\/maispolvoreira.pt\\\/\",\"name\":\"Mais Polvoreira\",\"description\":\"Solidariedade, Educa\u00e7\u00e3o e Empreendedorismo Social\",\"publisher\":{\"@id\":\"https:\\\/\\\/maispolvoreira.pt\\\/#organization\"},\"potentialAction\":[{\"@type\":\"SearchAction\",\"target\":{\"@type\":\"EntryPoint\",\"urlTemplate\":\"https:\\\/\\\/maispolvoreira.pt\\\/?s={search_term_string}\"},\"query-input\":{\"@type\":\"PropertyValueSpecification\",\"valueRequired\":true,\"valueName\":\"search_term_string\"}}],\"inLanguage\":\"en-GB\"},{\"@type\":\"Organization\",\"@id\":\"https:\\\/\\\/maispolvoreira.pt\\\/#organization\",\"name\":\"Mais Polvoreira\",\"url\":\"https:\\\/\\\/maispolvoreira.pt\\\/\",\"logo\":{\"@type\":\"ImageObject\",\"inLanguage\":\"en-GB\",\"@id\":\"https:\\\/\\\/maispolvoreira.pt\\\/#\\\/schema\\\/logo\\\/image\\\/\",\"url\":\"https:\\\/\\\/maispolvoreira.pt\\\/wp-content\\\/uploads\\\/2025\\\/07\\\/cropped-Logos-Mais-Polvoreira_624x129.png\",\"contentUrl\":\"https:\\\/\\\/maispolvoreira.pt\\\/wp-content\\\/uploads\\\/2025\\\/07\\\/cropped-Logos-Mais-Polvoreira_624x129.png\",\"width\":624,\"height\":129,\"caption\":\"Mais Polvoreira\"},\"image\":{\"@id\":\"https:\\\/\\\/maispolvoreira.pt\\\/#\\\/schema\\\/logo\\\/image\\\/\"}}]}<\/script>\n<!-- \/ Yoast SEO plugin. -->","yoast_head_json":{"title":"Junta-te \u00e0 Mais Polvoreira - Voluntariado","description":"Queres ajudar a tua comunidade? Descobre como fazer voluntariado com a Mais Polvoreira e contribui para uma freguesia mais solid\u00e1ria.","robots":{"index":"index","follow":"follow","max-snippet":"max-snippet:-1","max-image-preview":"max-image-preview:large","max-video-preview":"max-video-preview:-1"},"canonical":"https:\/\/maispolvoreira.pt\/en\/voluntariado\/","og_locale":"en_GB","og_type":"article","og_title":"Junta-te \u00e0 Mais Polvoreira - Voluntariado","og_description":"Queres ajudar a tua comunidade? Descobre como fazer voluntariado com a Mais Polvoreira e contribui para uma freguesia mais solid\u00e1ria.","og_url":"https:\/\/maispolvoreira.pt\/en\/voluntariado\/","og_site_name":"Mais Polvoreira","article_modified_time":"2025-07-04T15:01:14+00:00","og_image":[{"width":550,"height":554,"url":"https:\/\/maispolvoreira.pt\/wp-content\/uploads\/2025\/06\/Voluntariado-e1749830277548.jpg","type":"image\/jpeg"}],"twitter_card":"summary_large_image","twitter_misc":{"Estimated reading time":"1 minute"},"schema":{"@context":"https:\/\/schema.org","@graph":[{"@type":"WebPage","@id":"https:\/\/maispolvoreira.pt\/voluntariado\/","url":"https:\/\/maispolvoreira.pt\/voluntariado\/","name":"Junta-te \u00e0 Mais Polvoreira - Voluntariado","isPartOf":{"@id":"https:\/\/maispolvoreira.pt\/#website"},"primaryImageOfPage":{"@id":"https:\/\/maispolvoreira.pt\/voluntariado\/#primaryimage"},"image":{"@id":"https:\/\/maispolvoreira.pt\/voluntariado\/#primaryimage"},"thumbnailUrl":"https:\/\/maispolvoreira.pt\/wp-content\/uploads\/2025\/06\/Voluntariado-e1749830277548.jpg","datePublished":"2025-06-13T15:48:40+00:00","dateModified":"2025-07-04T15:01:14+00:00","description":"Queres ajudar a tua comunidade? Descobre como fazer voluntariado com a Mais Polvoreira e contribui para uma freguesia mais solid\u00e1ria.","breadcrumb":{"@id":"https:\/\/maispolvoreira.pt\/voluntariado\/#breadcrumb"},"inLanguage":"en-GB","potentialAction":[{"@type":"ReadAction","target":["https:\/\/maispolvoreira.pt\/voluntariado\/"]}]},{"@type":"ImageObject","inLanguage":"en-GB","@id":"https:\/\/maispolvoreira.pt\/voluntariado\/#primaryimage","url":"https:\/\/maispolvoreira.pt\/wp-content\/uploads\/2025\/06\/Voluntariado-e1749830277548.jpg","contentUrl":"https:\/\/maispolvoreira.pt\/wp-content\/uploads\/2025\/06\/Voluntariado-e1749830277548.jpg","width":550,"height":554},{"@type":"BreadcrumbList","@id":"https:\/\/maispolvoreira.pt\/voluntariado\/#breadcrumb","itemListElement":[{"@type":"ListItem","position":1,"name":"In\u00edcio","item":"https:\/\/maispolvoreira.pt\/"},{"@type":"ListItem","position":2,"name":"Voluntariado"}]},{"@type":"WebSite","@id":"https:\/\/maispolvoreira.pt\/#website","url":"https:\/\/maispolvoreira.pt\/","name":"Mais Polvoreira","description":"Solidariedade, Educa\u00e7\u00e3o e Empreendedorismo Social","publisher":{"@id":"https:\/\/maispolvoreira.pt\/#organization"},"potentialAction":[{"@type":"SearchAction","target":{"@type":"EntryPoint","urlTemplate":"https:\/\/maispolvoreira.pt\/?s={search_term_string}"},"query-input":{"@type":"PropertyValueSpecification","valueRequired":true,"valueName":"search_term_string"}}],"inLanguage":"en-GB"},{"@type":"Organization","@id":"https:\/\/maispolvoreira.pt\/#organization","name":"Mais Polvoreira","url":"https:\/\/maispolvoreira.pt\/","logo":{"@type":"ImageObject","inLanguage":"en-GB","@id":"https:\/\/maispolvoreira.pt\/#\/schema\/logo\/image\/","url":"https:\/\/maispolvoreira.pt\/wp-content\/uploads\/2025\/07\/cropped-Logos-Mais-Polvoreira_624x129.png","contentUrl":"https:\/\/maispolvoreira.pt\/wp-content\/uploads\/2025\/07\/cropped-Logos-Mais-Polvoreira_624x129.png","width":624,"height":129,"caption":"Mais Polvoreira"},"image":{"@id":"https:\/\/maispolvoreira.pt\/#\/schema\/logo\/image\/"}}]}},"_links":{"self":[{"href":"https:\/\/maispolvoreira.pt\/en\/wp-json\/wp\/v2\/pages\/1974","targetHints":{"allow":["GET"]}}],"collection":[{"href":"https:\/\/maispolvoreira.pt\/en\/wp-json\/wp\/v2\/pages"}],"about":[{"href":"https:\/\/maispolvoreira.pt\/en\/wp-json\/wp\/v2\/types\/page"}],"author":[{"embeddable":true,"href":"https:\/\/maispolvoreira.pt\/en\/wp-json\/wp\/v2\/users\/1"}],"replies":[{"embeddable":true,"href":"https:\/\/maispolvoreira.pt\/en\/wp-json\/wp\/v2\/comments?post=1974"}],"version-history":[{"count":13,"href":"https:\/\/maispolvoreira.pt\/en\/wp-json\/wp\/v2\/pages\/1974\/revisions"}],"predecessor-version":[{"id":2331,"href":"https:\/\/maispolvoreira.pt\/en\/wp-json\/wp\/v2\/pages\/1974\/revisions\/2331"}],"wp:featuredmedia":[{"embeddable":true,"href":"https:\/\/maispolvoreira.pt\/en\/wp-json\/wp\/v2\/media\/1980"}],"wp:attachment":[{"href":"https:\/\/maispolvoreira.pt\/en\/wp-json\/wp\/v2\/media?parent=1974"}],"curies":[{"name":"wp","href":"https:\/\/api.w.org\/{rel}","templated":true}]}}